{"id":188,"date":"2024-09-06T17:54:14","date_gmt":"2024-09-06T15:54:14","guid":{"rendered":"https:\/\/lafemmecoupeeendeux.fr\/news\/"},"modified":"2025-05-06T18:58:02","modified_gmt":"2025-05-06T16:58:02","slug":"news","status":"publish","type":"page","link":"https:\/\/lafemmecoupeeendeux.fr\/en\/news\/","title":{"rendered":"<span>news<\/span>"},"content":{"rendered":"\n<div class=\"wp-block-query is-layout-flow wp-block-query-is-layout-flow\"><ul class=\"wp-block-post-template is-layout-flow wp-block-post-template-is-layout-flow\"><li class=\"wp-block-post post-767 post type-post status-publish format-standard hentry category-non-classifiee entry\">\n<div class=\"wp-block-post-date\"><time datetime=\"2026-01-20T16:31:00+01:00\">20 January 2026<\/time><\/div>\n\n<h2 class=\"wp-block-post-title\">Nemesis: the album<\/h2>\n\n<div class=\"entry-content wp-block-post-content is-layout-flow wp-block-post-content-is-layout-flow\">\n<p>Here it is!<\/p>\n\n<p>After months of work we are thrilled to release the album featuring the original music of &#8220;Nemesis&#8221;. You can now (re)discover the 21 songs that accompanied this show that is so dear to us.<\/p>\n\n<p>With original music by Guillaume Bachelet, orchestrated and arranged by Pierre Marescaux and Cl\u00e9ment Darlu, a wonderful team worked hard to record this album. Thank you to all of them!\u2028\u2028<\/p>\n\n<p>Happy listening<\/p>\n\n<div style=\"height:44px\" aria-hidden=\"true\" class=\"wp-block-spacer\"><\/div>\n\n<figure class=\"wp-block-embed is-type-rich is-provider-soundcloud wp-block-embed-soundcloud wp-embed-aspect-4-3 wp-has-aspect-ratio\"><div class=\"wp-block-embed__wrapper\">\r\n<iframe loading=\"lazy\" title=\"N\u00e9m\u00e9sis, l&#039;album by La femme coup\u00e9e en deux\" width=\"750\" height=\"450\" scrolling=\"no\" frameborder=\"no\" src=\"https:\/\/w.soundcloud.com\/player\/?visual=true&#038;url=https%3A%2F%2Fapi.soundcloud.com%2Fplaylists%2F2171667056&#038;show_artwork=true&#038;maxheight=1000&#038;maxwidth=750\"><\/iframe>\r\n<\/div><\/figure>\r\n<\/div>\n\n\n\n\n<hr class=\"wp-block-separator has-css-opacity\"\/>\n\n<\/li><li class=\"wp-block-post post-765 post type-post status-publish format-standard hentry category-non-classifiee entry\">\n<div class=\"wp-block-post-date\"><time datetime=\"2026-01-09T14:02:24+01:00\">9 January 2026<\/time><\/div>\n\n<h2 class=\"wp-block-post-title\">New dates for &#8220;Dialogues des Carm\u00e9lites&#8221;<\/h2>\n\n<div class=\"entry-content wp-block-post-content is-layout-flow wp-block-post-content-is-layout-flow\">\n<p>Francis Poulenc&#8217;s opera, directed by Tiphaine Raffier, returns to the Op\u00e9ra national de Nancy-Lorraine from January 25 to 31!<br\/>If you have the chance, don&#8217;t miss the opportunity to discover this wonderful show. <br\/><a href=\"https:\/\/www.opera-nancy.fr\/fr\/activity\/1062-dialogues-des-carmelites-francis-poulenc\">More info here<\/a><br\/><\/p>\n\n<div style=\"height:36px\" aria-hidden=\"true\" class=\"wp-block-spacer\"><\/div>\n\n<figure class=\"wp-block-image size-large\"><img loading=\"lazy\" decoding=\"async\" width=\"1024\" height=\"624\" src=\"https:\/\/lafemmecoupeeendeux.fr\/wp-content\/uploads\/2026\/01\/DIALOGUENEWS-1-1024x624.jpg\" alt=\"\" class=\"wp-image-746\" srcset=\"https:\/\/lafemmecoupeeendeux.fr\/wp-content\/uploads\/2026\/01\/DIALOGUENEWS-1-1024x624.jpg 1024w, https:\/\/lafemmecoupeeendeux.fr\/wp-content\/uploads\/2026\/01\/DIALOGUENEWS-1-300x183.jpg 300w, https:\/\/lafemmecoupeeendeux.fr\/wp-content\/uploads\/2026\/01\/DIALOGUENEWS-1-768x468.jpg 768w, https:\/\/lafemmecoupeeendeux.fr\/wp-content\/uploads\/2026\/01\/DIALOGUENEWS-1-1536x936.jpg 1536w, https:\/\/lafemmecoupeeendeux.fr\/wp-content\/uploads\/2026\/01\/DIALOGUENEWS-1-2048x1247.jpg 2048w, https:\/\/lafemmecoupeeendeux.fr\/wp-content\/uploads\/2026\/01\/DIALOGUENEWS-1-1568x955.jpg 1568w\" sizes=\"auto, (max-width: 1024px) 100vw, 1024px\" \/><\/figure>\n<\/div>\n\n\n\n\n<hr class=\"wp-block-separator has-css-opacity\"\/>\n\n<\/li><li class=\"wp-block-post post-763 post type-post status-publish format-standard hentry category-non-classifiee entry\">\n<div class=\"wp-block-post-date\"><time datetime=\"2025-09-11T15:13:37+02:00\">11 September 2025<\/time><\/div>\n\n<h2 class=\"wp-block-post-title\">Season 2025-2026<\/h2>\n\n<div class=\"entry-content wp-block-post-content is-layout-flow wp-block-post-content-is-layout-flow\">\n<p>September has only begun and we&#8217;re already getting impatient to meet up with you. Good news : &#8220;France-Fant\u00f4me&#8221; will be performed in the south-west in March.<\/p>\n\n<ul class=\"wp-block-list\">\n<li>March 24 and 25 at Quintaou theater (Anglet)-Sc\u00e8ne nationale du Sud-Aquitain<\/li>\n\n\n\n<li>March 30 and 31 at Parvis-Sc\u00e8ne nationale Tarbes-Pyr\u00e9n\u00e9es <br\/><a href=\"https:\/\/lafemmecoupeeendeux.fr\/en\/season-2024-2025\/\">Plus d&#8217;infos ici<\/a><br\/><\/li>\n<\/ul>\n\n<p><\/p>\n<\/div>\n\n\n\n\n<hr class=\"wp-block-separator has-css-opacity\"\/>\n\n<\/li><li class=\"wp-block-post post-761 post type-post status-publish format-standard hentry category-non-classifiee entry\">\n<div class=\"wp-block-post-date\"><time datetime=\"2025-09-01T15:08:14+02:00\">1 September 2025<\/time><\/div>\n\n<h2 class=\"wp-block-post-title\">Video recording of &#8220;Dialogues des Carm\u00e9lites&#8221;<\/h2>\n\n<div class=\"entry-content wp-block-post-content is-layout-flow wp-block-post-content-is-layout-flow\">\n<p>We are glad to let you know that the video recording of &#8220;Dialogues des Carm\u00e9lites&#8221;, the opera by Francis Poulenc staged by Tiphaine Raffier and conducted by Ben Glassberg, is now available for free on the streaming platform of France Televisions.<\/p>\n\n<p>Until 09\/21, you can discover this stunning show, combining classical music, theatrical emotion, and timeless spirituality&#8230;<\/p>\n\n<p>See you soon!<\/p>\n<\/div>\n\n\n\n\n<hr class=\"wp-block-separator has-css-opacity\"\/>\n\n<\/li><li class=\"wp-block-post post-759 post type-post status-publish format-standard hentry category-non-classifiee entry\">\n<div class=\"wp-block-post-date\"><time datetime=\"2025-07-02T13:18:36+02:00\">2 July 2025<\/time><\/div>\n\n<h2 class=\"wp-block-post-title\">New creation on the way!<\/h2>\n\n<div class=\"entry-content wp-block-post-content is-layout-flow wp-block-post-content-is-layout-flow\">\n<p>We are back from Villeurbanne after 2 weeks of residency at the TNP where we started working around the new creation ! <\/p>\n\n<p>On the agenda : team meeting, reading of the first glimpses of the text, search for the right set-up, dramaturgical exchanges and lemon juice! <\/p>\n\n<p><\/p>\n\n<p>See you soon for more !<\/p>\n\n<figure class=\"wp-block-image size-large\"><img loading=\"lazy\" decoding=\"async\" width=\"1024\" height=\"768\" src=\"https:\/\/lafemmecoupeeendeux.fr\/wp-content\/uploads\/2025\/07\/c9c11e97-9a40-4100-a685-9238ee0d1d7d-1024x768.jpg\" alt=\"\" class=\"wp-image-673\" srcset=\"https:\/\/lafemmecoupeeendeux.fr\/wp-content\/uploads\/2025\/07\/c9c11e97-9a40-4100-a685-9238ee0d1d7d-1024x768.jpg 1024w, https:\/\/lafemmecoupeeendeux.fr\/wp-content\/uploads\/2025\/07\/c9c11e97-9a40-4100-a685-9238ee0d1d7d-300x225.jpg 300w, https:\/\/lafemmecoupeeendeux.fr\/wp-content\/uploads\/2025\/07\/c9c11e97-9a40-4100-a685-9238ee0d1d7d-768x576.jpg 768w, https:\/\/lafemmecoupeeendeux.fr\/wp-content\/uploads\/2025\/07\/c9c11e97-9a40-4100-a685-9238ee0d1d7d-1536x1152.jpg 1536w, https:\/\/lafemmecoupeeendeux.fr\/wp-content\/uploads\/2025\/07\/c9c11e97-9a40-4100-a685-9238ee0d1d7d-1568x1176.jpg 1568w, https:\/\/lafemmecoupeeendeux.fr\/wp-content\/uploads\/2025\/07\/c9c11e97-9a40-4100-a685-9238ee0d1d7d.jpg 1600w\" sizes=\"auto, (max-width: 1024px) 100vw, 1024px\" \/><\/figure>\n<\/div>\n\n\n\n\n<hr class=\"wp-block-separator has-css-opacity\"\/>\n\n<\/li><li class=\"wp-block-post post-636 post type-post status-publish format-standard hentry category-non-classifiee entry\">\n<div class=\"wp-block-post-date\"><time datetime=\"2025-04-06T17:40:00+02:00\">6 April 2025<\/time><\/div>\n\n<h2 class=\"wp-block-post-title\">Behind \u2018The response of Men\u2019: all the episodes available!<\/h2>\n\n<div class=\"entry-content wp-block-post-content is-layout-flow wp-block-post-content-is-layout-flow\">\n<p><\/p>\n\n<p>All 5 episodes of our podcast about this play we love so much are now available. Dive into the heart of this great artistic and human adventure!<\/p>\n\n<figure class=\"wp-block-embed is-type-rich is-provider-soundcloud wp-block-embed-soundcloud wp-embed-aspect-4-3 wp-has-aspect-ratio\"><div class=\"wp-block-embed__wrapper\">\r\n<iframe loading=\"lazy\" title=\"Derri\u00e8re La r\u00e9ponse des Hommes by La femme coup\u00e9e en deux\" width=\"750\" height=\"450\" scrolling=\"no\" frameborder=\"no\" src=\"https:\/\/w.soundcloud.com\/player\/?visual=true&#038;url=https%3A%2F%2Fapi.soundcloud.com%2Fplaylists%2F1956109599&#038;show_artwork=true&#038;maxheight=1000&#038;maxwidth=750\"><\/iframe>\r\n<\/div><\/figure>\r\n<\/div>\n\n\n\n\n<hr class=\"wp-block-separator has-css-opacity\"\/>\n\n<\/li><li class=\"wp-block-post post-638 post type-post status-publish format-standard hentry category-non-classifiee entry\">\n<div class=\"wp-block-post-date\"><time datetime=\"2025-02-14T17:36:00+01:00\">14 February 2025<\/time><\/div>\n\n<h2 class=\"wp-block-post-title\">New podcast !<\/h2>\n\n<div class=\"entry-content wp-block-post-content is-layout-flow wp-block-post-content-is-layout-flow\">\n<p><\/p>\n\n<p><\/p>\n\n<p>Tonight sees the last three performances of the season of \u201cThe response of Men\u201d at Le Quai CDN Angers Pays de la Loire. To mark the occasion, we&#8217;ve created a podcast devoted entirely to the show.<\/p>\n\n<div style=\"height:44px\" aria-hidden=\"true\" class=\"wp-block-spacer\"><\/div>\n\n<p>From the first thoughts to the tour, you can discover what goes on behind the scenes, described by the voices of the artists and collaborators in this play that we love so much.<\/p>\n\n<p>Three episodes are already available, with the rest coming very soon!<\/p>\n\n<figure class=\"wp-block-embed is-type-rich is-provider-soundcloud wp-block-embed-soundcloud wp-embed-aspect-4-3 wp-has-aspect-ratio\"><div class=\"wp-block-embed__wrapper\">\r\n<iframe loading=\"lazy\" title=\"Derri\u00e8re La r\u00e9ponse des Hommes by La femme coup\u00e9e en deux\" width=\"750\" height=\"450\" scrolling=\"no\" frameborder=\"no\" src=\"https:\/\/w.soundcloud.com\/player\/?visual=true&#038;url=https%3A%2F%2Fapi.soundcloud.com%2Fplaylists%2F1956109599&#038;show_artwork=true&#038;maxheight=1000&#038;maxwidth=750\"><\/iframe>\r\n<\/div><\/figure>\r\n<\/div>\n\n\n\n\n<hr class=\"wp-block-separator has-css-opacity\"\/>\n\n<\/li><li class=\"wp-block-post post-655 post type-post status-publish format-standard has-post-thumbnail hentry category-non-classifiee entry\">\n<div class=\"wp-block-post-date\"><time datetime=\"2025-01-01T17:21:00+01:00\">1 January 2025<\/time><\/div>\n\n<h2 class=\"wp-block-post-title\">Cap sur 2025 !<\/h2>\n\n<div class=\"entry-content wp-block-post-content is-layout-flow wp-block-post-content-is-layout-flow\">\n<p>Dear all<\/p>\n\n<p>At the start of the new season, La femme coup\u00e9e en deux is getting a facelift and is delighted to present its new website! Here you&#8217;ll find all the latest news about the company, as well as new content about our productions&#8230;<\/p>\n\n<p>It&#8217;s a great opportunity to chat before you take to the stage again in early 2025 in Brest and then Angers for the revival of La r\u00e9ponse des Hommes.<\/p>\n\n<p>Informations and bookings below.<\/p>\n\n<p>And if you get the chance, don&#8217;t miss<\/p>\n\n<p><em>Dialogues des Carm\u00e9lites<\/em>, an opera by Francis Poulec directed by Tiphaine Raffier at the Op\u00e9ra de Rouen-Normandie in January 2025.<\/p>\n\n<p>See you soon!<\/p>\n<\/div>\n\n<figure class=\"alignwide wp-block-post-featured-image\"><a href=\"https:\/\/lafemmecoupeeendeux.fr\/en\/cap-sur-2025\/\" target=\"_self\"  ><img loading=\"lazy\" decoding=\"async\" width=\"1568\" height=\"1045\" src=\"https:\/\/lafemmecoupeeendeux.fr\/wp-content\/uploads\/2024\/09\/image2-1568x1045.jpg\" class=\"attachment-post-thumbnail size-post-thumbnail wp-post-image\" alt=\"Cap sur 2025 !\" style=\"width:100%;height:66.64%;max-width:2560px;object-fit:cover;\" srcset=\"https:\/\/lafemmecoupeeendeux.fr\/wp-content\/uploads\/2024\/09\/image2-1568x1045.jpg 1568w, https:\/\/lafemmecoupeeendeux.fr\/wp-content\/uploads\/2024\/09\/image2-300x200.jpg 300w, https:\/\/lafemmecoupeeendeux.fr\/wp-content\/uploads\/2024\/09\/image2-1024x683.jpg 1024w, https:\/\/lafemmecoupeeendeux.fr\/wp-content\/uploads\/2024\/09\/image2-768x512.jpg 768w, https:\/\/lafemmecoupeeendeux.fr\/wp-content\/uploads\/2024\/09\/image2-1536x1024.jpg 1536w, https:\/\/lafemmecoupeeendeux.fr\/wp-content\/uploads\/2024\/09\/image2-2048x1365.jpg 2048w\" sizes=\"auto, (max-width: 1568px) 100vw, 1568px\" \/><\/a><\/figure>\n\n\n<hr class=\"wp-block-separator has-css-opacity\"\/>\n\n<\/li><li class=\"wp-block-post post-238 post type-post status-publish format-standard has-post-thumbnail hentry category-non-classifiee entry\">\n<div class=\"wp-block-post-date\"><time datetime=\"2024-09-28T12:11:00+02:00\">28 September 2024<\/time><\/div>\n\n<h2 class=\"wp-block-post-title\">New season !<\/h2>\n\n<div class=\"entry-content wp-block-post-content is-layout-flow wp-block-post-content-is-layout-flow\">\n<p>Chers tous, ch\u00e8res toutes,<\/p>\n\n<div style=\"height:30px\" aria-hidden=\"true\" class=\"wp-block-spacer\"><\/div>\n\n<p>La compagnie La femme coup\u00e9e en deux vous souhaite une excellente ann\u00e9e 2025 !<br\/>Nous l\u2019esp\u00e9rons une ann\u00e9e de paix, d\u2019engagement et d\u2019inspiration artistique. Et quoi de mieux pour la commencer que de voir ou revoir <em>La r\u00e9ponse des Hommes<\/em> ?<\/p>\n\n<p><\/p>\n\n<p><\/p>\n\n<p>\u2022\u2060 \u2060<a href=\"https:\/\/www.lequartz.com\/la-reponse-des-hommes-1322.html\">Les 23 et 24 janvier @ Le Quartz &#8211; Sc\u00e8ne nationale de Brest<\/a><\/p>\n\n<p>\u2022\u2060<a href=\"https:\/\/lequai-angers.eu\/la-reponse-des-hommes\"> \u2060Les 29, 30 et 31 janvier @ Le Quai CDN Angers Pays de la Loire<\/a><\/p>\n\n<p><\/p>\n\n<p><br\/><\/p>\n\n<p>Vous pourrez aussi d\u00e9couvrir l\u2019op\u00e9ra <em>Dialogues des Carm\u00e9lites<\/em> mis en sc\u00e8ne par Tiphaine Raffier, avec Ben Glassberg \u00e0 la direction musicale :<\/p>\n\n<p>\u2022\u2060 \u2060<a href=\"https:\/\/www.operaderouen.fr\/programmation\/dialogues-des-carmelites\/\">Les 28, 30 janvier et 1er et 4 f\u00e9vrier @ Op\u00e9ra de Rouen-Normandie<\/a><\/p>\n\n<p>En esp\u00e9rant vous croiser \u00e0 l\u2019une de ces dates !<\/p>\n<\/div>\n\n<figure class=\"alignwide wp-block-post-featured-image\"><a href=\"https:\/\/lafemmecoupeeendeux.fr\/en\/titre-actu-1-uk\/\" target=\"_self\"  ><img loading=\"lazy\" decoding=\"async\" width=\"640\" height=\"208\" src=\"https:\/\/lafemmecoupeeendeux.fr\/wp-content\/uploads\/2025\/01\/saison-2024-25.png\" class=\"attachment-post-thumbnail size-post-thumbnail wp-post-image\" alt=\"New season !\" style=\"width:100%;height:32.5%;max-width:640px;object-fit:cover;\" srcset=\"https:\/\/lafemmecoupeeendeux.fr\/wp-content\/uploads\/2025\/01\/saison-2024-25.png 640w, https:\/\/lafemmecoupeeendeux.fr\/wp-content\/uploads\/2025\/01\/saison-2024-25-300x98.png 300w\" sizes=\"auto, (max-width: 640px) 100vw, 640px\" \/><\/a><\/figure>\n\n\n<hr class=\"wp-block-separator has-css-opacity\"\/>\n\n<\/li><\/ul><\/div>\n","protected":false},"excerpt":{"rendered":"","protected":false},"author":1,"featured_media":0,"parent":0,"menu_order":0,"comment_status":"closed","ping_status":"closed","template":"","meta":{"_acf_changed":false,"inline_featured_image":false,"footnotes":""},"class_list":["post-188","page","type-page","status-publish","hentry","entry"],"acf":[],"yoast_head":"<!-- This site is optimized with the Yoast SEO plugin v23.5 - https:\/\/yoast.com\/wordpress\/plugins\/seo\/ -->\n<title>news - La femme coup\u00e9e en deux<\/title>\n<meta name=\"robots\" content=\"index, follow, max-snippet:-1, max-image-preview:large, max-video-preview:-1\" \/>\n<link rel=\"canonical\" href=\"https:\/\/lafemmecoupeeendeux.fr\/en\/news\/\" \/>\n<meta property=\"og:locale\" content=\"en_US\" \/>\n<meta property=\"og:type\" content=\"article\" \/>\n<meta property=\"og:title\" content=\"news - La femme coup\u00e9e en deux\" \/>\n<meta property=\"og:url\" content=\"https:\/\/lafemmecoupeeendeux.fr\/en\/news\/\" \/>\n<meta property=\"og:site_name\" content=\"La femme coup\u00e9e en deux\" \/>\n<meta property=\"article:publisher\" content=\"https:\/\/www.facebook.com\/lafemmecoupeeendeux\/?locale=fr_FR\" \/>\n<meta property=\"article:modified_time\" content=\"2025-05-06T16:58:02+00:00\" \/>\n<meta name=\"twitter:card\" content=\"summary_large_image\" \/>\n<script type=\"application\/ld+json\" class=\"yoast-schema-graph\">{\"@context\":\"https:\/\/schema.org\",\"@graph\":[{\"@type\":\"WebPage\",\"@id\":\"https:\/\/lafemmecoupeeendeux.fr\/en\/news\/\",\"url\":\"https:\/\/lafemmecoupeeendeux.fr\/en\/news\/\",\"name\":\"news - La femme coup\u00e9e en deux\",\"isPartOf\":{\"@id\":\"https:\/\/lafemmecoupeeendeux.fr\/en\/#website\"},\"datePublished\":\"2024-09-06T15:54:14+00:00\",\"dateModified\":\"2025-05-06T16:58:02+00:00\",\"breadcrumb\":{\"@id\":\"https:\/\/lafemmecoupeeendeux.fr\/en\/news\/#breadcrumb\"},\"inLanguage\":\"en-US\",\"potentialAction\":[{\"@type\":\"ReadAction\",\"target\":[\"https:\/\/lafemmecoupeeendeux.fr\/en\/news\/\"]}]},{\"@type\":\"BreadcrumbList\",\"@id\":\"https:\/\/lafemmecoupeeendeux.fr\/en\/news\/#breadcrumb\",\"itemListElement\":[{\"@type\":\"ListItem\",\"position\":1,\"name\":\"Accueil\",\"item\":\"https:\/\/lafemmecoupeeendeux.fr\/en\/home-the-woman-cut-in-2\/\"},{\"@type\":\"ListItem\",\"position\":2,\"name\":\"news\"}]},{\"@type\":\"WebSite\",\"@id\":\"https:\/\/lafemmecoupeeendeux.fr\/en\/#website\",\"url\":\"https:\/\/lafemmecoupeeendeux.fr\/en\/\",\"name\":\"La femme coup\u00e9e en deux\",\"description\":\"\",\"publisher\":{\"@id\":\"https:\/\/lafemmecoupeeendeux.fr\/en\/#organization\"},\"potentialAction\":[{\"@type\":\"SearchAction\",\"target\":{\"@type\":\"EntryPoint\",\"urlTemplate\":\"https:\/\/lafemmecoupeeendeux.fr\/en\/?s={search_term_string}\"},\"query-input\":{\"@type\":\"PropertyValueSpecification\",\"valueRequired\":true,\"valueName\":\"search_term_string\"}}],\"inLanguage\":\"en-US\"},{\"@type\":\"Organization\",\"@id\":\"https:\/\/lafemmecoupeeendeux.fr\/en\/#organization\",\"name\":\"La femme coup\u00e9e en deux\",\"url\":\"https:\/\/lafemmecoupeeendeux.fr\/en\/\",\"logo\":{\"@type\":\"ImageObject\",\"inLanguage\":\"en-US\",\"@id\":\"https:\/\/lafemmecoupeeendeux.fr\/en\/#\/schema\/logo\/image\/\",\"url\":\"https:\/\/lafemmecoupeeendeux.fr\/wp-content\/uploads\/2024\/09\/la-femme-coupee-en-deux_logo_RVB_1.svg\",\"contentUrl\":\"https:\/\/lafemmecoupeeendeux.fr\/wp-content\/uploads\/2024\/09\/la-femme-coupee-en-deux_logo_RVB_1.svg\",\"caption\":\"La femme coup\u00e9e en deux\"},\"image\":{\"@id\":\"https:\/\/lafemmecoupeeendeux.fr\/en\/#\/schema\/logo\/image\/\"},\"sameAs\":[\"https:\/\/www.facebook.com\/lafemmecoupeeendeux\/?locale=fr_FR\",\"https:\/\/www.instagram.com\/lafemmecoupeeendeux_\/\"]}]}<\/script>\n<!-- \/ Yoast SEO plugin. -->","yoast_head_json":{"title":"news - La femme coup\u00e9e en deux","robots":{"index":"index","follow":"follow","max-snippet":"max-snippet:-1","max-image-preview":"max-image-preview:large","max-video-preview":"max-video-preview:-1"},"canonical":"https:\/\/lafemmecoupeeendeux.fr\/en\/news\/","og_locale":"en_US","og_type":"article","og_title":"news - La femme coup\u00e9e en deux","og_url":"https:\/\/lafemmecoupeeendeux.fr\/en\/news\/","og_site_name":"La femme coup\u00e9e en deux","article_publisher":"https:\/\/www.facebook.com\/lafemmecoupeeendeux\/?locale=fr_FR","article_modified_time":"2025-05-06T16:58:02+00:00","twitter_card":"summary_large_image","schema":{"@context":"https:\/\/schema.org","@graph":[{"@type":"WebPage","@id":"https:\/\/lafemmecoupeeendeux.fr\/en\/news\/","url":"https:\/\/lafemmecoupeeendeux.fr\/en\/news\/","name":"news - La femme coup\u00e9e en deux","isPartOf":{"@id":"https:\/\/lafemmecoupeeendeux.fr\/en\/#website"},"datePublished":"2024-09-06T15:54:14+00:00","dateModified":"2025-05-06T16:58:02+00:00","breadcrumb":{"@id":"https:\/\/lafemmecoupeeendeux.fr\/en\/news\/#breadcrumb"},"inLanguage":"en-US","potentialAction":[{"@type":"ReadAction","target":["https:\/\/lafemmecoupeeendeux.fr\/en\/news\/"]}]},{"@type":"BreadcrumbList","@id":"https:\/\/lafemmecoupeeendeux.fr\/en\/news\/#breadcrumb","itemListElement":[{"@type":"ListItem","position":1,"name":"Accueil","item":"https:\/\/lafemmecoupeeendeux.fr\/en\/home-the-woman-cut-in-2\/"},{"@type":"ListItem","position":2,"name":"news"}]},{"@type":"WebSite","@id":"https:\/\/lafemmecoupeeendeux.fr\/en\/#website","url":"https:\/\/lafemmecoupeeendeux.fr\/en\/","name":"La femme coup\u00e9e en deux","description":"","publisher":{"@id":"https:\/\/lafemmecoupeeendeux.fr\/en\/#organization"},"potentialAction":[{"@type":"SearchAction","target":{"@type":"EntryPoint","urlTemplate":"https:\/\/lafemmecoupeeendeux.fr\/en\/?s={search_term_string}"},"query-input":{"@type":"PropertyValueSpecification","valueRequired":true,"valueName":"search_term_string"}}],"inLanguage":"en-US"},{"@type":"Organization","@id":"https:\/\/lafemmecoupeeendeux.fr\/en\/#organization","name":"La femme coup\u00e9e en deux","url":"https:\/\/lafemmecoupeeendeux.fr\/en\/","logo":{"@type":"ImageObject","inLanguage":"en-US","@id":"https:\/\/lafemmecoupeeendeux.fr\/en\/#\/schema\/logo\/image\/","url":"https:\/\/lafemmecoupeeendeux.fr\/wp-content\/uploads\/2024\/09\/la-femme-coupee-en-deux_logo_RVB_1.svg","contentUrl":"https:\/\/lafemmecoupeeendeux.fr\/wp-content\/uploads\/2024\/09\/la-femme-coupee-en-deux_logo_RVB_1.svg","caption":"La femme coup\u00e9e en deux"},"image":{"@id":"https:\/\/lafemmecoupeeendeux.fr\/en\/#\/schema\/logo\/image\/"},"sameAs":["https:\/\/www.facebook.com\/lafemmecoupeeendeux\/?locale=fr_FR","https:\/\/www.instagram.com\/lafemmecoupeeendeux_\/"]}]}},"_links":{"self":[{"href":"https:\/\/lafemmecoupeeendeux.fr\/en\/wp-json\/wp\/v2\/pages\/188","targetHints":{"allow":["GET"]}}],"collection":[{"href":"https:\/\/lafemmecoupeeendeux.fr\/en\/wp-json\/wp\/v2\/pages"}],"about":[{"href":"https:\/\/lafemmecoupeeendeux.fr\/en\/wp-json\/wp\/v2\/types\/page"}],"author":[{"embeddable":true,"href":"https:\/\/lafemmecoupeeendeux.fr\/en\/wp-json\/wp\/v2\/users\/1"}],"replies":[{"embeddable":true,"href":"https:\/\/lafemmecoupeeendeux.fr\/en\/wp-json\/wp\/v2\/comments?post=188"}],"version-history":[{"count":6,"href":"https:\/\/lafemmecoupeeendeux.fr\/en\/wp-json\/wp\/v2\/pages\/188\/revisions"}],"predecessor-version":[{"id":662,"href":"https:\/\/lafemmecoupeeendeux.fr\/en\/wp-json\/wp\/v2\/pages\/188\/revisions\/662"}],"wp:attachment":[{"href":"https:\/\/lafemmecoupeeendeux.fr\/en\/wp-json\/wp\/v2\/media?parent=188"}],"curies":[{"name":"wp","href":"https:\/\/api.w.org\/{rel}","templated":true}]}}