{"id":182,"date":"2024-09-06T17:54:47","date_gmt":"2024-09-06T15:54:47","guid":{"rendered":"https:\/\/lafemmecoupeeendeux.fr\/company-and-history\/"},"modified":"2026-02-04T15:41:47","modified_gmt":"2026-02-04T14:41:47","slug":"company-and-history","status":"publish","type":"page","link":"https:\/\/lafemmecoupeeendeux.fr\/en\/company-and-history\/","title":{"rendered":"<span>company<\/span><span>and history<\/span>"},"content":{"rendered":"\n<p style=\"padding-right:9.4rem;padding-left:0rem\">In 2015, when I founded <em>La femme coup\u00e9e en deux<\/em> company, I set myself the ambition of writing shows and directing them.&#13;\n&#13;\nIn my work, I try to reconcile radical research with the simple pleasure of storytelling.&#13;\nI&#8217;m looking to transcend a classic narrative thread through a demanding approach to thinking and a search for absolutely contemporary forms.&#13;\nTo achieve this, the artists of La femme coup\u00e9e en deux bring together the sum of their talents and the tools that make up theater: literary construction, the demands of language, the actor and his acting, spatial devices, sound creation, video creation and lighting design.&#13;\nObsessed by the question of discrepancies &#8211; discrepancies between what we hear and what we see, between the image and the written word, between the visible and the invisible, between the materiality of the stage and the spectator&#8217;s imagination &#8211; I like the spectator to move around, because that, in my opinion, is his or her greatest freedom.&#13;\nAt least the freedom we should give them, and the freedom they should take: the freedom to move their minds.&#13;\nIn this way, my pieces can be seen as variable-geometry maps, where each person is free to take the path he or she wishes.&#13;\nObsessed by the motif of the double, of reality and fiction, of the original and the copy, I never stop talking about the world and its representations.&#13;\nFor as long as I can remember, I&#8217;ve had the feeling of being surrounded by people split in two.&#13;\nMany things can split people in two: love, money, sexuality, illness, fear of death, religion, terrorism, ambition, culture, politics, family&#8230; I also believe in the virtues of theater as a place that can both separate and reconcile people.<br\/>Working as a director and actress.<br\/>Working in Lille and Marseille.         <\/p>\n\n<div style=\"height:42px\" aria-hidden=\"true\" class=\"wp-block-spacer\"><\/div>\n\n<p style=\"padding-right:9.4rem;padding-left:0rem\">I can also say: <em>La femme coup\u00e9e en deux<\/em> is me.<\/p>\n\n<div style=\"height:100px\" aria-hidden=\"true\" class=\"wp-block-spacer\"><\/div>\n\n<p class=\"has-extra-small-font-size\">The company La femme coup\u00e9e en deux is now associated with the TNP (since 2020), the Th\u00e9\u00e2tre Nanterre-Amandiers (since 2021), the Quai \u2013 CDN d&#8217;Angers (since 2023), the Nouveau Th\u00e9\u00e2tre Besan\u00e7on CDN (since 2025) and, from 2026, the Maison de la culture d&#8217;Amiens and the \u00c9quinoxe &#8211; sc\u00e8ne nationale de Ch\u00e2teauroux.<\/p>\n\n<p class=\"has-extra-small-font-size\">The company <em>La femme coup\u00e9e en deux<\/em> receives support from the Ministry of Culture \/ Hauts-de-France Regional Cultural Affairs Directorate, under the aid program for accredited companies, and is supported by the Hauts-de-France Region.<\/p>\n\n<div style=\"height:38px\" aria-hidden=\"true\" class=\"wp-block-spacer\"><\/div>\n<div class=\"wp-block-image\">\n<figure class=\"alignleft size-large\"><img loading=\"lazy\" decoding=\"async\" width=\"111\" height=\"110\" src=\"https:\/\/lafemmecoupeeendeux.fr\/wp-content\/uploads\/2024\/09\/logo_ministere_de_la_culture.svg\" alt=\"\" class=\"wp-image-252\"\/><\/figure>\n<\/div>\n<figure class=\"wp-block-image size-full is-resized\"><img loading=\"lazy\" decoding=\"async\" width=\"400\" height=\"89\" src=\"https:\/\/lafemmecoupeeendeux.fr\/wp-content\/uploads\/2024\/10\/logo-region.jpeg\" alt=\"\" class=\"wp-image-468\" style=\"width:207px;height:auto\" srcset=\"https:\/\/lafemmecoupeeendeux.fr\/wp-content\/uploads\/2024\/10\/logo-region.jpeg 400w, https:\/\/lafemmecoupeeendeux.fr\/wp-content\/uploads\/2024\/10\/logo-region-300x67.jpeg 300w\" sizes=\"auto, (max-width: 400px) 100vw, 400px\" \/><\/figure>\n\n<p><\/p>\n","protected":false},"excerpt":{"rendered":"<p>In 2015, when I founded La femme coup\u00e9e en deux company, I set myself the ambition of writing shows and directing them.&#13; &#13; In my work, I try to reconcile radical research with the simple pleasure of storytelling.&#13; I&#8217;m looking to transcend a classic narrative thread through a demanding approach to thinking and a search&hellip; <a class=\"more-link\" href=\"https:\/\/lafemmecoupeeendeux.fr\/en\/company-and-history\/\">Continue reading <span class=\"screen-reader-text\"><span>company<\/span><span>and history<\/span><\/span><\/a><\/p>\n","protected":false},"author":1,"featured_media":0,"parent":0,"menu_order":0,"comment_status":"closed","ping_status":"closed","template":"","meta":{"_acf_changed":false,"inline_featured_image":false,"footnotes":""},"class_list":["post-182","page","type-page","status-publish","hentry","entry"],"acf":[],"yoast_head":"<!-- This site is optimized with the Yoast SEO plugin v23.5 - https:\/\/yoast.com\/wordpress\/plugins\/seo\/ -->\n<title>company | and history - La femme coup\u00e9e en deux<\/title>\n<meta name=\"robots\" content=\"index, follow, max-snippet:-1, max-image-preview:large, max-video-preview:-1\" \/>\n<link rel=\"canonical\" href=\"https:\/\/lafemmecoupeeendeux.fr\/en\/company-and-history\/\" \/>\n<meta property=\"og:locale\" content=\"en_US\" \/>\n<meta property=\"og:type\" content=\"article\" \/>\n<meta property=\"og:title\" content=\"company | and history - La femme coup\u00e9e en deux\" \/>\n<meta property=\"og:description\" content=\"In 2015, when I founded La femme coup\u00e9e en deux company, I set myself the ambition of writing shows and directing them.&#013; &#013; In my work, I try to reconcile radical research with the simple pleasure of storytelling.&#013; I&#8217;m looking to transcend a classic narrative thread through a demanding approach to thinking and a search&hellip; Continue reading companyand history\" \/>\n<meta property=\"og:url\" content=\"https:\/\/lafemmecoupeeendeux.fr\/en\/company-and-history\/\" \/>\n<meta property=\"og:site_name\" content=\"La femme coup\u00e9e en deux\" \/>\n<meta property=\"article:publisher\" content=\"https:\/\/www.facebook.com\/lafemmecoupeeendeux\/?locale=fr_FR\" \/>\n<meta property=\"article:modified_time\" content=\"2026-02-04T14:41:47+00:00\" \/>\n<meta property=\"og:image\" content=\"https:\/\/lafemmecoupeeendeux.fr\/wp-content\/uploads\/2024\/09\/logo_ministere_de_la_culture.svg\" \/>\n<meta name=\"twitter:card\" content=\"summary_large_image\" \/>\n<meta name=\"twitter:label1\" content=\"Est. reading time\" \/>\n\t<meta name=\"twitter:data1\" content=\"2 minutes\" \/>\n<script type=\"application\/ld+json\" class=\"yoast-schema-graph\">{\"@context\":\"https:\/\/schema.org\",\"@graph\":[{\"@type\":\"WebPage\",\"@id\":\"https:\/\/lafemmecoupeeendeux.fr\/en\/company-and-history\/\",\"url\":\"https:\/\/lafemmecoupeeendeux.fr\/en\/company-and-history\/\",\"name\":\"company | and history - La femme coup\u00e9e en deux\",\"isPartOf\":{\"@id\":\"https:\/\/lafemmecoupeeendeux.fr\/en\/#website\"},\"primaryImageOfPage\":{\"@id\":\"https:\/\/lafemmecoupeeendeux.fr\/en\/company-and-history\/#primaryimage\"},\"image\":{\"@id\":\"https:\/\/lafemmecoupeeendeux.fr\/en\/company-and-history\/#primaryimage\"},\"thumbnailUrl\":\"https:\/\/lafemmecoupeeendeux.fr\/wp-content\/uploads\/2024\/09\/logo_ministere_de_la_culture.svg\",\"datePublished\":\"2024-09-06T15:54:47+00:00\",\"dateModified\":\"2026-02-04T14:41:47+00:00\",\"breadcrumb\":{\"@id\":\"https:\/\/lafemmecoupeeendeux.fr\/en\/company-and-history\/#breadcrumb\"},\"inLanguage\":\"en-US\",\"potentialAction\":[{\"@type\":\"ReadAction\",\"target\":[\"https:\/\/lafemmecoupeeendeux.fr\/en\/company-and-history\/\"]}]},{\"@type\":\"ImageObject\",\"inLanguage\":\"en-US\",\"@id\":\"https:\/\/lafemmecoupeeendeux.fr\/en\/company-and-history\/#primaryimage\",\"url\":\"https:\/\/lafemmecoupeeendeux.fr\/wp-content\/uploads\/2024\/09\/logo_ministere_de_la_culture.svg\",\"contentUrl\":\"https:\/\/lafemmecoupeeendeux.fr\/wp-content\/uploads\/2024\/09\/logo_ministere_de_la_culture.svg\"},{\"@type\":\"BreadcrumbList\",\"@id\":\"https:\/\/lafemmecoupeeendeux.fr\/en\/company-and-history\/#breadcrumb\",\"itemListElement\":[{\"@type\":\"ListItem\",\"position\":1,\"name\":\"Accueil\",\"item\":\"https:\/\/lafemmecoupeeendeux.fr\/en\/home-the-woman-cut-in-2\/\"},{\"@type\":\"ListItem\",\"position\":2,\"name\":\"company | and history\"}]},{\"@type\":\"WebSite\",\"@id\":\"https:\/\/lafemmecoupeeendeux.fr\/en\/#website\",\"url\":\"https:\/\/lafemmecoupeeendeux.fr\/en\/\",\"name\":\"La femme coup\u00e9e en deux\",\"description\":\"\",\"publisher\":{\"@id\":\"https:\/\/lafemmecoupeeendeux.fr\/en\/#organization\"},\"potentialAction\":[{\"@type\":\"SearchAction\",\"target\":{\"@type\":\"EntryPoint\",\"urlTemplate\":\"https:\/\/lafemmecoupeeendeux.fr\/en\/?s={search_term_string}\"},\"query-input\":{\"@type\":\"PropertyValueSpecification\",\"valueRequired\":true,\"valueName\":\"search_term_string\"}}],\"inLanguage\":\"en-US\"},{\"@type\":\"Organization\",\"@id\":\"https:\/\/lafemmecoupeeendeux.fr\/en\/#organization\",\"name\":\"La femme coup\u00e9e en deux\",\"url\":\"https:\/\/lafemmecoupeeendeux.fr\/en\/\",\"logo\":{\"@type\":\"ImageObject\",\"inLanguage\":\"en-US\",\"@id\":\"https:\/\/lafemmecoupeeendeux.fr\/en\/#\/schema\/logo\/image\/\",\"url\":\"https:\/\/lafemmecoupeeendeux.fr\/wp-content\/uploads\/2024\/09\/la-femme-coupee-en-deux_logo_RVB_1.svg\",\"contentUrl\":\"https:\/\/lafemmecoupeeendeux.fr\/wp-content\/uploads\/2024\/09\/la-femme-coupee-en-deux_logo_RVB_1.svg\",\"caption\":\"La femme coup\u00e9e en deux\"},\"image\":{\"@id\":\"https:\/\/lafemmecoupeeendeux.fr\/en\/#\/schema\/logo\/image\/\"},\"sameAs\":[\"https:\/\/www.facebook.com\/lafemmecoupeeendeux\/?locale=fr_FR\",\"https:\/\/www.instagram.com\/lafemmecoupeeendeux_\/\"]}]}<\/script>\n<!-- \/ Yoast SEO plugin. -->","yoast_head_json":{"title":"company | and history - La femme coup\u00e9e en deux","robots":{"index":"index","follow":"follow","max-snippet":"max-snippet:-1","max-image-preview":"max-image-preview:large","max-video-preview":"max-video-preview:-1"},"canonical":"https:\/\/lafemmecoupeeendeux.fr\/en\/company-and-history\/","og_locale":"en_US","og_type":"article","og_title":"company | and history - La femme coup\u00e9e en deux","og_description":"In 2015, when I founded La femme coup\u00e9e en deux company, I set myself the ambition of writing shows and directing them.&#13; &#13; In my work, I try to reconcile radical research with the simple pleasure of storytelling.&#13; I&#8217;m looking to transcend a classic narrative thread through a demanding approach to thinking and a search&hellip; Continue reading companyand history","og_url":"https:\/\/lafemmecoupeeendeux.fr\/en\/company-and-history\/","og_site_name":"La femme coup\u00e9e en deux","article_publisher":"https:\/\/www.facebook.com\/lafemmecoupeeendeux\/?locale=fr_FR","article_modified_time":"2026-02-04T14:41:47+00:00","og_image":[{"url":"https:\/\/lafemmecoupeeendeux.fr\/wp-content\/uploads\/2024\/09\/logo_ministere_de_la_culture.svg"}],"twitter_card":"summary_large_image","twitter_misc":{"Est. reading time":"2 minutes"},"schema":{"@context":"https:\/\/schema.org","@graph":[{"@type":"WebPage","@id":"https:\/\/lafemmecoupeeendeux.fr\/en\/company-and-history\/","url":"https:\/\/lafemmecoupeeendeux.fr\/en\/company-and-history\/","name":"company | and history - La femme coup\u00e9e en deux","isPartOf":{"@id":"https:\/\/lafemmecoupeeendeux.fr\/en\/#website"},"primaryImageOfPage":{"@id":"https:\/\/lafemmecoupeeendeux.fr\/en\/company-and-history\/#primaryimage"},"image":{"@id":"https:\/\/lafemmecoupeeendeux.fr\/en\/company-and-history\/#primaryimage"},"thumbnailUrl":"https:\/\/lafemmecoupeeendeux.fr\/wp-content\/uploads\/2024\/09\/logo_ministere_de_la_culture.svg","datePublished":"2024-09-06T15:54:47+00:00","dateModified":"2026-02-04T14:41:47+00:00","breadcrumb":{"@id":"https:\/\/lafemmecoupeeendeux.fr\/en\/company-and-history\/#breadcrumb"},"inLanguage":"en-US","potentialAction":[{"@type":"ReadAction","target":["https:\/\/lafemmecoupeeendeux.fr\/en\/company-and-history\/"]}]},{"@type":"ImageObject","inLanguage":"en-US","@id":"https:\/\/lafemmecoupeeendeux.fr\/en\/company-and-history\/#primaryimage","url":"https:\/\/lafemmecoupeeendeux.fr\/wp-content\/uploads\/2024\/09\/logo_ministere_de_la_culture.svg","contentUrl":"https:\/\/lafemmecoupeeendeux.fr\/wp-content\/uploads\/2024\/09\/logo_ministere_de_la_culture.svg"},{"@type":"BreadcrumbList","@id":"https:\/\/lafemmecoupeeendeux.fr\/en\/company-and-history\/#breadcrumb","itemListElement":[{"@type":"ListItem","position":1,"name":"Accueil","item":"https:\/\/lafemmecoupeeendeux.fr\/en\/home-the-woman-cut-in-2\/"},{"@type":"ListItem","position":2,"name":"company | and history"}]},{"@type":"WebSite","@id":"https:\/\/lafemmecoupeeendeux.fr\/en\/#website","url":"https:\/\/lafemmecoupeeendeux.fr\/en\/","name":"La femme coup\u00e9e en deux","description":"","publisher":{"@id":"https:\/\/lafemmecoupeeendeux.fr\/en\/#organization"},"potentialAction":[{"@type":"SearchAction","target":{"@type":"EntryPoint","urlTemplate":"https:\/\/lafemmecoupeeendeux.fr\/en\/?s={search_term_string}"},"query-input":{"@type":"PropertyValueSpecification","valueRequired":true,"valueName":"search_term_string"}}],"inLanguage":"en-US"},{"@type":"Organization","@id":"https:\/\/lafemmecoupeeendeux.fr\/en\/#organization","name":"La femme coup\u00e9e en deux","url":"https:\/\/lafemmecoupeeendeux.fr\/en\/","logo":{"@type":"ImageObject","inLanguage":"en-US","@id":"https:\/\/lafemmecoupeeendeux.fr\/en\/#\/schema\/logo\/image\/","url":"https:\/\/lafemmecoupeeendeux.fr\/wp-content\/uploads\/2024\/09\/la-femme-coupee-en-deux_logo_RVB_1.svg","contentUrl":"https:\/\/lafemmecoupeeendeux.fr\/wp-content\/uploads\/2024\/09\/la-femme-coupee-en-deux_logo_RVB_1.svg","caption":"La femme coup\u00e9e en deux"},"image":{"@id":"https:\/\/lafemmecoupeeendeux.fr\/en\/#\/schema\/logo\/image\/"},"sameAs":["https:\/\/www.facebook.com\/lafemmecoupeeendeux\/?locale=fr_FR","https:\/\/www.instagram.com\/lafemmecoupeeendeux_\/"]}]}},"_links":{"self":[{"href":"https:\/\/lafemmecoupeeendeux.fr\/en\/wp-json\/wp\/v2\/pages\/182","targetHints":{"allow":["GET"]}}],"collection":[{"href":"https:\/\/lafemmecoupeeendeux.fr\/en\/wp-json\/wp\/v2\/pages"}],"about":[{"href":"https:\/\/lafemmecoupeeendeux.fr\/en\/wp-json\/wp\/v2\/types\/page"}],"author":[{"embeddable":true,"href":"https:\/\/lafemmecoupeeendeux.fr\/en\/wp-json\/wp\/v2\/users\/1"}],"replies":[{"embeddable":true,"href":"https:\/\/lafemmecoupeeendeux.fr\/en\/wp-json\/wp\/v2\/comments?post=182"}],"version-history":[{"count":11,"href":"https:\/\/lafemmecoupeeendeux.fr\/en\/wp-json\/wp\/v2\/pages\/182\/revisions"}],"predecessor-version":[{"id":777,"href":"https:\/\/lafemmecoupeeendeux.fr\/en\/wp-json\/wp\/v2\/pages\/182\/revisions\/777"}],"wp:attachment":[{"href":"https:\/\/lafemmecoupeeendeux.fr\/en\/wp-json\/wp\/v2\/media?parent=182"}],"curies":[{"name":"wp","href":"https:\/\/api.w.org\/{rel}","templated":true}]}}